{"id":1045,"date":"2022-09-16T12:48:15","date_gmt":"2022-09-16T10:48:15","guid":{"rendered":"https:\/\/bdlegal.fr\/?page_id=1045"},"modified":"2024-04-23T10:18:51","modified_gmt":"2024-04-23T08:18:51","slug":"die-kanzlei","status":"publish","type":"page","link":"https:\/\/bdlegal.fr\/de\/die-kanzlei\/","title":{"rendered":"Die Kanzlei"},"content":{"rendered":"\t\t<div data-elementor-type=\"wp-page\" data-elementor-id=\"1045\" class=\"elementor elementor-1045 elementor-1026\">\n\t\t\t\t\t\t<section class=\"elementor-section elementor-top-section elementor-element elementor-element-cea04c3 elementor-section-boxed elementor-section-height-default elementor-section-height-default\" data-id=\"cea04c3\" data-element_type=\"section\" data-e-type=\"section\">\n\t\t\t\t\t\t<div class=\"elementor-container elementor-column-gap-default\">\n\t\t\t\t\t<div class=\"elementor-column elementor-col-100 elementor-top-column elementor-element elementor-element-1c2afed2\" data-id=\"1c2afed2\" data-element_type=\"column\" data-e-type=\"column\">\n\t\t\t<div class=\"elementor-widget-wrap elementor-element-populated\">\n\t\t\t\t\t\t<div class=\"elementor-element elementor-element-661adf85 elementor-widget elementor-widget-text-editor\" data-id=\"661adf85\" data-element_type=\"widget\" data-e-type=\"widget\" data-widget_type=\"text-editor.default\">\n\t\t\t\t<div class=\"elementor-widget-container\">\n\t\t\t\t\t\t\t\t\t<h2>Die Anwaltskanzlei Boch\u00e9 Dobelle Avocats<\/h2>\n<p>Boch\u00e9 Dobelle ist erfahren in komplexen Restrukturierungsfragen. Er bietet Unternehmen in Schwierigkeiten modernste Expertise im franz\u00f6sischen, europ\u00e4ischen und internationalen Recht. Seine Partner kombinieren Erfahrung und Komplementarit\u00e4t, um Unternehmen in Schwierigkeiten und ihre Partner in Krisenzeiten zu unterst\u00fctzen. Ihre Unterst\u00fctzung erm\u00f6glicht es, die Wahl und die Folgen g\u00fctlicher oder gerichtlicher Verfahren vorherzusehen und das Risiko von Haftungsstreitigkeiten zu reduzieren.<\/p>\t\t\t\t\t\t\t\t<\/div>\n\t\t\t\t<\/div>\n\t\t\t\t\t<\/div>\n\t\t<\/div>\n\t\t\t\t\t<\/div>\n\t\t<\/section>\n\t\t\t\t<section class=\"elementor-section elementor-top-section elementor-element elementor-element-eeb1a98 row-les-associees elementor-section-boxed elementor-section-height-default elementor-section-height-default\" data-id=\"eeb1a98\" data-element_type=\"section\" data-e-type=\"section\">\n\t\t\t\t\t\t<div class=\"elementor-container elementor-column-gap-default\">\n\t\t\t\t\t<div class=\"elementor-column elementor-col-100 elementor-top-column elementor-element elementor-element-fffda5a\" data-id=\"fffda5a\" data-element_type=\"column\" data-e-type=\"column\">\n\t\t\t<div class=\"elementor-widget-wrap elementor-element-populated\">\n\t\t\t\t\t\t<section class=\"elementor-section elementor-inner-section elementor-element elementor-element-9ec342b elementor-section-boxed elementor-section-height-default elementor-section-height-default\" data-id=\"9ec342b\" data-element_type=\"section\" data-e-type=\"section\">\n\t\t\t\t\t\t<div class=\"elementor-container elementor-column-gap-custom\">\n\t\t\t\t\t<div class=\"elementor-column elementor-col-50 elementor-inner-column elementor-element elementor-element-5936f65\" data-id=\"5936f65\" data-element_type=\"column\" data-e-type=\"column\">\n\t\t\t<div class=\"elementor-widget-wrap elementor-element-populated\">\n\t\t\t\t\t\t<div class=\"elementor-element elementor-element-9f9abcd elementor-widget elementor-widget-image\" data-id=\"9f9abcd\" data-element_type=\"widget\" data-e-type=\"widget\" data-widget_type=\"image.default\">\n\t\t\t\t<div class=\"elementor-widget-container\">\n\t\t\t\t\t\t\t\t\t\t\t\t\t\t\t<img fetchpriority=\"high\" decoding=\"async\" width=\"600\" height=\"600\" src=\"https:\/\/bdlegal.fr\/wp-content\/uploads\/2022\/09\/mylene.jpg\" class=\"attachment-full size-full wp-image-1006\" alt=\"\" srcset=\"https:\/\/bdlegal.fr\/wp-content\/uploads\/2022\/09\/mylene.jpg 600w, https:\/\/bdlegal.fr\/wp-content\/uploads\/2022\/09\/mylene-300x300.jpg 300w, https:\/\/bdlegal.fr\/wp-content\/uploads\/2022\/09\/mylene-150x150.jpg 150w\" sizes=\"(max-width: 600px) 100vw, 600px\" \/>\t\t\t\t\t\t\t\t\t\t\t\t\t\t\t<\/div>\n\t\t\t\t<\/div>\n\t\t\t\t<div class=\"elementor-element elementor-element-37c2061 elementor-widget elementor-widget-heading\" data-id=\"37c2061\" data-element_type=\"widget\" data-e-type=\"widget\" data-widget_type=\"heading.default\">\n\t\t\t\t<div class=\"elementor-widget-container\">\n\t\t\t\t\t<h2 class=\"elementor-heading-title elementor-size-default\">Myl\u00e8ne Boch\u00e9-Robinet<\/h2>\t\t\t\t<\/div>\n\t\t\t\t<\/div>\n\t\t\t\t<div class=\"elementor-element elementor-element-457d85d elementor-widget elementor-widget-text-editor\" data-id=\"457d85d\" data-element_type=\"widget\" data-e-type=\"widget\" data-widget_type=\"text-editor.default\">\n\t\t\t\t<div class=\"elementor-widget-container\">\n\t\t\t\t\t\t\t\t\t<p><strong>Partner<\/strong><br><a href=\"mailto:mboche@bdlegal.fr\">mboche@bdlegal.fr<\/a><br><a href=\"tel:+33181707504\">+33 (0)1 81 70 75 04<\/a><br><a href=\"tel:+33668604805\">+33 (0)6 68 60 48 05<\/a><\/p>\n<p><a href=\"https:\/\/fr.linkedin.com\/in\/myl%C3%A8ne-boch%C3%A9-robinet-212b6052\" target=\"_blank\" rel=\"noopener\"><img decoding=\"async\" class=\"micro-logo alignnone wp-image-302\" src=\"https:\/\/bdlegal.fr\/wp-content\/uploads\/2021\/02\/LinkedIn_logo_initials-150x150.png\" alt=\"\" width=\"60\" height=\"60\" srcset=\"https:\/\/bdlegal.fr\/wp-content\/uploads\/2021\/02\/LinkedIn_logo_initials-150x150.png 150w, https:\/\/bdlegal.fr\/wp-content\/uploads\/2021\/02\/LinkedIn_logo_initials-300x300.png 300w, https:\/\/bdlegal.fr\/wp-content\/uploads\/2021\/02\/LinkedIn_logo_initials.png 480w\" sizes=\"(max-width: 60px) 100vw, 60px\" \/><\/a><\/p>\n<p><a href=\"http:\/\/bdlegal.fr\/wp-content\/themes\/bochedobelle\/docs\/mylene-boche.vcf\">Vcard<\/a><br><a href=\"https:\/\/bdlegal.fr\/wp-content\/uploads\/2021\/03\/mylene-boche-google.csv\">Contact csv pour Android<\/a><br><a href=\"https:\/\/bdlegal.fr\/wp-content\/uploads\/2021\/03\/mylene-boche-outlook.csv\">Contact csv pour Outlook<\/a><\/p><p><span lang=\"de-DE\">Mit mehr als 11 Jahren Erfahrung in der Restrukturierungspraxis bei Clifford Chance, dann bei der Kanzlei August Debouzy, ber\u00e4t Myl\u00e8ne Boch\u00e9-Robinet die Gesch\u00e4ftsf\u00fchrer franz\u00f6sischer und ausl\u00e4ndischer Unternehmen im Rahmen der Vorbeugung und Bew\u00e4ltigung von Schwierigkeiten, sowie deren Gesellschafter, Vertreter und Verwalter, Finanzinstitute und Arbeitnehmergruppen. Myl\u00e8ne unterst\u00fctzt auch Erwerber bei der \u00dcbernahme von leistungsschwachen Unternehmen: distressed M&amp;A und \u00dcbernahmen \u201eauf der Anklagebank\u201c des Gerichts.<\/span><\/p>\n<p><span lang=\"de-DE\">Myl\u00e8ne bietet anerkannte Expertise in grenz\u00fcberschreitenden Umstrukturierungen. Sie spricht Deutsch und Englisch und unterrichtet internationales Insolvenzrecht im Masterstudiengang ALED an der Universit\u00e9 Lyon 3.<\/span><\/p>\n<p><span lang=\"de-DE\">Myl\u00e8ne ist seit 2012 Mitglied des International Insolvency Institute, Mitglied des Vorstands von TMA France, Mitglied des ARE und Pr\u00e4sidentin und Mitbegr\u00fcnderin von Women In Restructuring.<\/span><\/p>\n<p><\/p>\t\t\t\t\t\t\t\t<\/div>\n\t\t\t\t<\/div>\n\t\t\t\t\t<\/div>\n\t\t<\/div>\n\t\t\t\t<div class=\"elementor-column elementor-col-50 elementor-inner-column elementor-element elementor-element-0e1d660\" data-id=\"0e1d660\" data-element_type=\"column\" data-e-type=\"column\">\n\t\t\t<div class=\"elementor-widget-wrap elementor-element-populated\">\n\t\t\t\t\t\t<div class=\"elementor-element elementor-element-06c96c4 elementor-widget elementor-widget-image\" data-id=\"06c96c4\" data-element_type=\"widget\" data-e-type=\"widget\" data-widget_type=\"image.default\">\n\t\t\t\t<div class=\"elementor-widget-container\">\n\t\t\t\t\t\t\t\t\t\t\t\t\t\t\t<img decoding=\"async\" width=\"600\" height=\"600\" src=\"https:\/\/bdlegal.fr\/wp-content\/uploads\/2022\/09\/veronique.jpg\" class=\"attachment-full size-full wp-image-1009\" alt=\"\" srcset=\"https:\/\/bdlegal.fr\/wp-content\/uploads\/2022\/09\/veronique.jpg 600w, https:\/\/bdlegal.fr\/wp-content\/uploads\/2022\/09\/veronique-300x300.jpg 300w, https:\/\/bdlegal.fr\/wp-content\/uploads\/2022\/09\/veronique-150x150.jpg 150w\" sizes=\"(max-width: 600px) 100vw, 600px\" \/>\t\t\t\t\t\t\t\t\t\t\t\t\t\t\t<\/div>\n\t\t\t\t<\/div>\n\t\t\t\t<div class=\"elementor-element elementor-element-67ce995 elementor-widget elementor-widget-heading\" data-id=\"67ce995\" data-element_type=\"widget\" data-e-type=\"widget\" data-widget_type=\"heading.default\">\n\t\t\t\t<div class=\"elementor-widget-container\">\n\t\t\t\t\t<h2 class=\"elementor-heading-title elementor-size-default\">V\u00e9ronique Dobelle<\/h2>\t\t\t\t<\/div>\n\t\t\t\t<\/div>\n\t\t\t\t<div class=\"elementor-element elementor-element-8e8a5b0 elementor-widget elementor-widget-text-editor\" data-id=\"8e8a5b0\" data-element_type=\"widget\" data-e-type=\"widget\" data-widget_type=\"text-editor.default\">\n\t\t\t\t<div class=\"elementor-widget-container\">\n\t\t\t\t\t\t\t\t\t<p><strong>Associ\u00e9e<\/strong><br \/><a href=\"mailto:vdobelle@bdlegal.fr\">vdobelle@bdlegal.fr<\/a><br \/><a href=\"tel:+33181707505\">+33 (0)1 81 70 75 05<\/a><br \/><a href=\"tel:+33633108435\">+33 (0)6 33 10 84 35<\/a><\/p><p><a href=\"https:\/\/fr.linkedin.com\/in\/veronique-dobelle-46a83692\" target=\"_blank\" rel=\"noopener\"><img decoding=\"async\" class=\"micro-logo alignnone wp-image-302\" src=\"https:\/\/bdlegal.fr\/wp-content\/uploads\/2021\/02\/LinkedIn_logo_initials-150x150.png\" alt=\"\" width=\"60\" height=\"60\" srcset=\"https:\/\/bdlegal.fr\/wp-content\/uploads\/2021\/02\/LinkedIn_logo_initials-150x150.png 150w, https:\/\/bdlegal.fr\/wp-content\/uploads\/2021\/02\/LinkedIn_logo_initials-300x300.png 300w, https:\/\/bdlegal.fr\/wp-content\/uploads\/2021\/02\/LinkedIn_logo_initials.png 480w\" sizes=\"(max-width: 60px) 100vw, 60px\" \/><\/a><\/p><p><a href=\"http:\/\/bdlegal.fr\/wp-content\/themes\/bochedobelle\/docs\/veronique-dobelle.vcf\">Vcard<\/a><br \/><a href=\"https:\/\/bdlegal.fr\/wp-content\/uploads\/2021\/03\/veronique-dobelle-google.csv\">Contact csv pour Android<\/a><br \/><a href=\"https:\/\/bdlegal.fr\/wp-content\/uploads\/2021\/03\/veonique-dobelle-outlook.csv\">Contact csv pour Outlook<\/a><\/p><p><span lang=\"de-DE\">30 Jahre Erfahrung, fast 240 behandelte F\u00e4lle im Dienste von Unternehmen in Schwierigkeiten und ihren Partnern: diese nachgewiesene Erfahrung ist sowohl spezialisiert als auch transversal. Sie ist innerhalb erstklassiger Strukturen aufgebaut worden:<\/span><\/p><p><span lang=\"de-DE\">Gerichtsverwalter: Valliot, Le Guernev\u00e9, Abitbol.<\/span><\/p><p><span lang=\"de-DE\">Das Umstrukturierungsteam von August Debouzy.<\/span><\/p><p>Die Rechtsabteilung der Agence Fran\u00e7aise de D\u00e9veloppement<\/p><p><span lang=\"de-DE\">2019: Gr\u00fcndung ihrer eigenen Kanzlei.<\/span><\/p><p><span lang=\"de-DE\">Der Wunsch, weiterzugeben:<\/span><\/p><p><span lang=\"de-DE\">Ausbildungsleiterin f\u00fcr die Association pour le Retournement des Entreprises, Durchf\u00fchrung von Schulungen f\u00fcr den BPI, Pr\u00e4ventions- und Restrukturierungsbeauftragte, Dauphine-Masterstudenten im Bereich Control Audit Reporting, Recht und Management am Panth\u00e9on Assas, HEC Entrepreneurs.<\/span><\/p><p>\u00a0<\/p>\t\t\t\t\t\t\t\t<\/div>\n\t\t\t\t<\/div>\n\t\t\t\t\t<\/div>\n\t\t<\/div>\n\t\t\t\t\t<\/div>\n\t\t<\/section>\n\t\t\t\t\t<\/div>\n\t\t<\/div>\n\t\t\t\t\t<\/div>\n\t\t<\/section>\n\t\t\t\t<section class=\"elementor-section elementor-top-section elementor-element elementor-element-12fa776 row-les-associees elementor-section-boxed elementor-section-height-default elementor-section-height-default\" data-id=\"12fa776\" data-element_type=\"section\" data-e-type=\"section\">\n\t\t\t\t\t\t<div class=\"elementor-container elementor-column-gap-default\">\n\t\t\t\t\t<div class=\"elementor-column elementor-col-100 elementor-top-column elementor-element elementor-element-6529249\" data-id=\"6529249\" data-element_type=\"column\" data-e-type=\"column\">\n\t\t\t<div class=\"elementor-widget-wrap\">\n\t\t\t\t\t\t\t<\/div>\n\t\t<\/div>\n\t\t\t\t\t<\/div>\n\t\t<\/section>\n\t\t\t\t<\/div>\n\t\t","protected":false},"excerpt":{"rendered":"<p>Die Anwaltskanzlei Boch\u00e9 Dobelle Avocats Boch\u00e9 Dobelle ist erfahren in komplexen Restrukturierungsfragen. Er bietet Unternehmen in Schwierigkeiten modernste Expertise im franz\u00f6sischen, europ\u00e4ischen und internationalen Recht. Seine Partner kombinieren Erfahrung und Komplementarit\u00e4t, um Unternehmen in Schwierigkeiten und ihre Partner in Krisenzeiten zu unterst\u00fctzen. Ihre Unterst\u00fctzung erm\u00f6glicht es, die Wahl und die Folgen g\u00fctlicher oder gerichtlicher Verfahren [&hellip;]<\/p>\n","protected":false},"author":4,"featured_media":185,"parent":0,"menu_order":0,"comment_status":"closed","ping_status":"closed","template":"","meta":{"_acf_changed":false,"footnotes":""},"class_list":["post-1045","page","type-page","status-publish","has-post-thumbnail","hentry"],"acf":[],"_links":{"self":[{"href":"https:\/\/bdlegal.fr\/de\/wp-json\/wp\/v2\/pages\/1045","targetHints":{"allow":["GET"]}}],"collection":[{"href":"https:\/\/bdlegal.fr\/de\/wp-json\/wp\/v2\/pages"}],"about":[{"href":"https:\/\/bdlegal.fr\/de\/wp-json\/wp\/v2\/types\/page"}],"author":[{"embeddable":true,"href":"https:\/\/bdlegal.fr\/de\/wp-json\/wp\/v2\/users\/4"}],"replies":[{"embeddable":true,"href":"https:\/\/bdlegal.fr\/de\/wp-json\/wp\/v2\/comments?post=1045"}],"version-history":[{"count":32,"href":"https:\/\/bdlegal.fr\/de\/wp-json\/wp\/v2\/pages\/1045\/revisions"}],"predecessor-version":[{"id":1453,"href":"https:\/\/bdlegal.fr\/de\/wp-json\/wp\/v2\/pages\/1045\/revisions\/1453"}],"wp:featuredmedia":[{"embeddable":true,"href":"https:\/\/bdlegal.fr\/de\/wp-json\/wp\/v2\/media\/185"}],"wp:attachment":[{"href":"https:\/\/bdlegal.fr\/de\/wp-json\/wp\/v2\/media?parent=1045"}],"curies":[{"name":"wp","href":"https:\/\/api.w.org\/{rel}","templated":true}]}}