{"id":282,"date":"2021-02-25T22:18:04","date_gmt":"2021-02-25T21:18:04","guid":{"rendered":"https:\/\/bdlegal.fr\/?page_id=282"},"modified":"2025-01-15T18:01:08","modified_gmt":"2025-01-15T17:01:08","slug":"startseite","status":"publish","type":"page","link":"https:\/\/bdlegal.fr\/de\/","title":{"rendered":"Startseite"},"content":{"rendered":"\n<h3 class=\"wp-block-heading\">F\u00fchrende Expertise in der Restrukturierung<\/h3>\n\n\n\n<p>Die Teams von Boch\u00e9 Dobelle Avocats bieten Spitzenkompetenz in den Bereichen Insolvenzrecht, Prozessf\u00fchrung und Bew\u00e4ltigung von komplexen Situationen.<\/p>\n\n\n\n<h3 class=\"wp-block-heading\">Preisgekr\u00f6ntes Know-how<\/h3>\n\n\n\n<p>Die im Januar 2019 gegr\u00fcndete Kanzlei wurde von Leaders League in der Kategorie &#8222;Restrukturierung und Unternehmen in Schwierigkeiten &#8211; Beratung von mittelst\u00e4ndischen Unternehmen und deren Gesellschaftern&#8220; im Jahr 2020 und erneut im Jahr 2021 als &#8222;Leading&#8220; eingestuft. Er wurde mit der Silver Trophy 2019 f\u00fcr seine Restrukturierungspraxis ausgezeichnet.<\/p>\n\n\n\n<h3 class=\"wp-block-heading\">Reaktivit\u00e4t und Flexibilit\u00e4t<\/h3>\n\n\n\n<p>Sie werden einen Spirit der Reaktionsf\u00e4higkeit, Unabh\u00e4ngigkeit, Flexibilit\u00e4t und unfehlbaren Verf\u00fcgbarkeit der Mitarbeiter vorfinden. Sie sind mit ihren Teams voll mobilisiert, um im Fall einer Krise alle Bed\u00fcrfnisse ihrer Kunden zu erf\u00fcllen.<\/p>\n","protected":false},"excerpt":{"rendered":"<p>F\u00fchrende Expertise in der Restrukturierung Die Teams von Boch\u00e9 Dobelle Avocats bieten Spitzenkompetenz in den Bereichen Insolvenzrecht, Prozessf\u00fchrung und Bew\u00e4ltigung von komplexen Situationen. Preisgekr\u00f6ntes Know-how Die im Januar 2019 gegr\u00fcndete Kanzlei wurde von Leaders League in der Kategorie &#8222;Restrukturierung und Unternehmen in Schwierigkeiten &#8211; Beratung von mittelst\u00e4ndischen Unternehmen und deren Gesellschaftern&#8220; im Jahr 2020 und [&hellip;]<\/p>\n","protected":false},"author":1,"featured_media":643,"parent":0,"menu_order":0,"comment_status":"closed","ping_status":"closed","template":"","meta":{"_acf_changed":false,"footnotes":""},"class_list":["post-282","page","type-page","status-publish","has-post-thumbnail","hentry"],"acf":[],"_links":{"self":[{"href":"https:\/\/bdlegal.fr\/de\/wp-json\/wp\/v2\/pages\/282","targetHints":{"allow":["GET"]}}],"collection":[{"href":"https:\/\/bdlegal.fr\/de\/wp-json\/wp\/v2\/pages"}],"about":[{"href":"https:\/\/bdlegal.fr\/de\/wp-json\/wp\/v2\/types\/page"}],"author":[{"embeddable":true,"href":"https:\/\/bdlegal.fr\/de\/wp-json\/wp\/v2\/users\/1"}],"replies":[{"embeddable":true,"href":"https:\/\/bdlegal.fr\/de\/wp-json\/wp\/v2\/comments?post=282"}],"version-history":[{"count":7,"href":"https:\/\/bdlegal.fr\/de\/wp-json\/wp\/v2\/pages\/282\/revisions"}],"predecessor-version":[{"id":1617,"href":"https:\/\/bdlegal.fr\/de\/wp-json\/wp\/v2\/pages\/282\/revisions\/1617"}],"wp:featuredmedia":[{"embeddable":true,"href":"https:\/\/bdlegal.fr\/de\/wp-json\/wp\/v2\/media\/643"}],"wp:attachment":[{"href":"https:\/\/bdlegal.fr\/de\/wp-json\/wp\/v2\/media?parent=282"}],"curies":[{"name":"wp","href":"https:\/\/api.w.org\/{rel}","templated":true}]}}