{"id":344,"date":"2021-03-02T16:18:48","date_gmt":"2021-03-02T15:18:48","guid":{"rendered":"https:\/\/bdlegal.fr\/?page_id=344"},"modified":"2021-03-15T15:59:09","modified_gmt":"2021-03-15T14:59:09","slug":"impressum-und-allgemeinen-nutzungsbedingungen","status":"publish","type":"page","link":"https:\/\/bdlegal.fr\/de\/impressum-und-allgemeinen-nutzungsbedingungen\/","title":{"rendered":"Impressum und Allgemeinen Nutzungsbedingungen"},"content":{"rendered":"\n<h1 class=\"wp-block-heading\">Impressum und Allgemeinen Nutzungsbedingungen<\/h1>\n\n\n\n<p>Mit dem Zugriff auf diese Website (<a href=\"http:\/\/www.bdlegal.fr\">www.bdlegal.fr<\/a> ; nachfolgend \u201e<strong>Website<\/strong>\u201c) und dem Durchsuchen dieser Website akzeptiert jede Person (allgemein, nachfolgend \u201e<strong>Benutzer<\/strong>\u201c) ohne Vorbehalt, \u00c4nderung oder Einschr\u00e4nkung die folgenden Nutzungsbedingungen.<\/p>\n\n\n\n<p>Die derzeit online verf\u00fcgbare Version dieser Nutzungsbedingungen ist die einzige, die w\u00e4hrend der gesamten Dauer der Nutzung der Website und bis zu dem Zeitpunkt, an dem sie durch eine neue Version ersetzt wird, g\u00fcltig ist.<\/p>\n\n\n\n<h2 class=\"wp-block-heading\">Artikel 1 &#8211; Rechtliche Informationen<\/h2>\n\n\n\n<p><br>Diese Website (<a href=\"http:\/\/www.bdlegal.fr\">www.bdlegal.fr<\/a> ) wird von der Anwaltskanzlei Boch\u00e9 Dobelle Avocats ver\u00f6ffentlicht. Boch\u00e9 Dobelle Avocats ist eine Association d&#8217;Avocats \u00e0 Responsabilit\u00e9 Professionnelle Individuelle (AARPI) mit Sitz in 5, rue Henri de Bornier, 75016 Paris, Frankreich, und ist unter der SIRET-Nummer 848 967 659 00022 registriert (nachfolgend \u201e<strong>Ver\u00f6ffentlicher<\/strong>\u201c).<\/p>\n\n\n\n<p>Die Ver\u00f6ffentlichung der Website wird von Ma\u00eetre Myl\u00e8ne Boch\u00e9-Robinet und Ma\u00eetre V\u00e9ronique Dobelle, Partner und Co-Gesch\u00e4ftsf\u00fchrer von Boch\u00e9 Dobelle Avocats, mitbetreut.<\/p>\n\n\n\n<p>Telefon: +33 (0)6 68 60 48 05 \/ +33 (0)6 33 10 84 35<\/p>\n\n\n\n<p>E-Mail: <a href=\"mailto:mboche@dfbd.fr\">mboche@dfbd.fr<\/a> \/ <a href=\"mailto:vdobelle@dfbd.fr\">vdobelle@dfbd.fr<\/a><\/p>\n\n\n\n<p>Der Host der Website ist <\/p>\n\n\n\n<p><strong>1&amp;1 IONOS SARL<\/strong><br>7, place de la Gare<br>BP 70109<br>57200 Sarreguemines Cedex<br>FRANCE<br>431 303 775 RCS Sarreguemines<br>T\u00e9l. : 0970 808 911<br>Mail : <a href=\"mailto:info@IONOS.fr\">info@IONOS.fr<\/a><\/p>\n\n\n\n<p>In \u00dcbereinstimmung mit den Berufsregeln f\u00fcr Rechtsanw\u00e4lte wurde die Website bei der Anwaltskammer von Paris, Frankreich, eingereicht.<\/p>\n\n\n\n<h2 class=\"wp-block-heading\">Artikel 2 &#8211; Zugang auf die Website:<\/h2>\n\n\n\n<p>Jeder Benutzer verpflichtet sich, diese Website und die darin enthaltenen Informationen oder Daten nicht f\u00fcr kommerzielle, politische oder werbliche Zwecke und f\u00fcr jede Form der kommerziellen Anwerbung, insbesondere das Versenden von unaufgeforderten E-Mails, zu verwenden.<\/p>\n\n\n\n<p>Jeder Benutzer verpflichtet sich, die Sicherheit dieser Website oder anderer Systemressourcen, Dienste oder Netzwerke, die mit dieser Website verbunden oder \u00fcber sie zug\u00e4nglich sind, nicht zu beeintr\u00e4chtigen oder zu missbrauchen.<\/p>\n\n\n\n<p>Jeder Benutzer erkl\u00e4rt sich damit einverstanden, diese Website f\u00fcr angemessene Zwecke zu nutzen.<\/p>\n\n\n\n<h2 class=\"wp-block-heading\">Artikel 3 &#8211; Webseiteninhalt<\/h2>\n\n\n\n<p>Die Website und alle Elemente, aus denen sie besteht, einschlie\u00dflich &#8211; ohne dass dies eine abschlie\u00dfende Aufz\u00e4hlung darstellt &#8211; aller Texte, Pr\u00e4sentationen, Kommentare, Fotos, Illustrationen, animierten oder nicht animierten Bilder, Videosequenzen sowie aller Computeranwendungen, die f\u00fcr den Betrieb dieser Website verwendet werden k\u00f6nnten, und ganz allgemein alle Elemente, die auf der Website reproduziert oder verwendet werden, sind durch die geltenden Gesetze in Bezug auf das geistige Eigentum gesch\u00fctzt.<\/p>\n\n\n\n<p>Sie sind vollst\u00e4ndiges und uneingeschr\u00e4nktes Eigentum des Ver\u00f6ffentlichers oder seiner Partner.<\/p>\n\n\n\n<p>Jegliche Vervielf\u00e4ltigung, Darstellung, Nutzung oder Anpassung, in welcher Form auch immer, des Ganzen oder von Teilen dieser Elemente, einschlie\u00dflich Computeranwendungen, ist ohne vorherige schriftliche Zustimmung des Herausgebers strengstens untersagt. Die Tatsache, dass der Ver\u00f6ffentlicher nicht sofort nach Bekanntwerden dieser unerlaubten Nutzungen rechtliche Schritte einleitet, stellt keine Zustimmung zu diesen Nutzungen und keinen Verzicht auf deren Verfolgung dar.<\/p>\n\n\n\n<p>In Abweichung von den vorstehenden Abs\u00e4tzen gestattet der Ver\u00f6ffentlicher den Benutzern, Pr\u00e4sentationen, Artikel oder andere Dokumente, die Eigentum des Herausgebers sind und ihnen in Form elektronischer Dateien speziell zum Herunterladen zur Verf\u00fcgung gestellt werden, auf ihre pers\u00f6nliche Festplatte herunterzuladen, wobei festgelegt wird, dass der Benutzer in diesem Fall nur berechtigt ist, eine Kopie dieser Dokumente f\u00fcr einen streng privaten und begrenzten Gebrauch zu besitzen. Insbesondere verpflichtet sich der Benutzer, diese Dokumente in keiner Weise an Dritte weiterzugeben, um sie Dritten in einem \u00f6ffentlichen oder privaten Netz zug\u00e4nglich zu machen.<\/p>\n\n\n\n<p><strong>Homepage Foto<\/strong>\u00a0: \u00a9 Florent Le Bihan \/ Marine Nationale \/ D\u00e9fense<\/p>\n\n\n\n<h2 class=\"wp-block-heading\">Artikel 4 \u2013Verwaltung der Webseite<\/h2>\n\n\n\n<p>Der Ver\u00f6ffentlicher bem\u00fcht sich, die Website zug\u00e4nglich und funktionsf\u00e4hig zu halten, ohne dazu verpflichtet zu sein.<\/p>\n\n\n\n<p>Insbesondere wird darauf hingewiesen, dass der Zugang zur Site und den darin enthaltenen Informationen nach Ermessen des Ver\u00f6ffentlichers eingeschr\u00e4nkt werden kann, insbesondere aus folgenden Gr\u00fcnden:<\/p>\n\n\n\n<ul class=\"wp-block-list\"><li>die Notwendigkeit, Informationen zu entfernen, die den Betrieb st\u00f6ren oder gegen nationale oder internationale Gesetze versto\u00dfen k\u00f6nnten; oder<\/li><li>alle technischen Gr\u00fcnde, die zur Wartung oder Aktualisierung der Website notwendig sind.<\/li><\/ul>\n\n\n\n<h2 class=\"wp-block-heading\">Artikel 5 &#8211; Vertraulichkeit und pers\u00f6nliche Daten<\/h2>\n\n\n\n<p>Der Ver\u00f6ffentlicher kann w\u00e4hrend der Nutzung und des Surfens auf der Website (insbesondere \u00fcber Kontaktformulare) personenbezogene Daten von den Benutzern sammeln, wobei klargestellt wird, dass diese personenbezogenen Daten ausschlie\u00dflich zu Informationszwecken (Statistiken, Verbesserung der Website) verwendet werden und dass es jedem Benutzer freisteht, die Mitteilung seiner personenbezogenen Daten zu verweigern.<\/p>\n\n\n\n<p>Die Website entspricht den franz\u00f6sischen Gesetzen zum Schutz der Privatsph\u00e4re. Die Erhebung und Verarbeitung personenbezogener Daten erfolgt in \u00dcbereinstimmung mit den geltenden gesetzlichen Bestimmungen, insbesondere mit dem franz\u00f6sischen Gesetz Nr. 78-17 vom 6. Januar 1978 in seiner ge\u00e4nderten Fassung (\u201e<em>Loi Informatique et Libert\u00e9s<\/em>\u201c) und der europ\u00e4ischen Verordnung 2016\/679 zum Schutz personenbezogener Daten (\u201e<em>DSGVO<\/em>\u201c).<\/p>\n\n\n\n<p>Der Ver\u00f6ffentlicher verpflichtet sich, ein hohes Schutzniveau f\u00fcr die Daten der Benutzer aufrechtzuerhalten und deren Vertraulichkeit zu wahren. Der Ver\u00f6ffentlicher speichert die Daten der Benutzer nur f\u00fcr die Dauer ihrer Registrierung. Die Datenverarbeitung beruht somit ausschlie\u00dflich auf deren Einwilligung, die jeder Benutzer jederzeit durch L\u00f6schung seines Accounts widerrufen kann.<\/p>\n\n\n\n<p>In \u00dcbereinstimmung mit der DSGVO genie\u00dft jeder Benutzer die folgenden Rechte:<\/p>\n\n\n\n<ul class=\"wp-block-list\"><li><strong>Zugriffsrecht<\/strong>: Jeder Benutzer hat das Recht, (i) eine Best\u00e4tigung dar\u00fcber zu erhalten, ob ihn betreffende personenbezogene Daten verarbeitet werden oder nicht, und, falls dies der Fall ist, (ii) auf diese personenbezogenen Daten zuzugreifen und eine Kopie davon zu erhalten.<\/li><\/ul>\n\n\n\n<ul class=\"wp-block-list\"><li><strong>Recht auf Berichtigung<\/strong>: Jeder Benutzer hat das Recht, die Berichtigung seiner personenbezogenen Daten und die Vervollst\u00e4ndigung seiner unvollst\u00e4ndigen Daten zu verlangen.<\/li><\/ul>\n\n\n\n<ul class=\"wp-block-list\"><li><strong>Recht auf L\u00f6schung<\/strong>: Jeder Benutzer hat in bestimmten F\u00e4llen das Recht, die L\u00f6schung seiner personenbezogenen Daten zu verlangen. Dies ist jedoch kein absolutes Recht und der Ver\u00f6ffentlicher kann rechtliche oder legitime Gr\u00fcnde haben, diese Daten zu behalten.<\/li><\/ul>\n\n\n\n<ul class=\"wp-block-list\"><li><strong>Recht auf Einschr\u00e4nkung der Verarbeitung<\/strong>: In bestimmten F\u00e4llen hat jeder Benutzer das Recht, eine Einschr\u00e4nkung der Verarbeitung seiner personenbezogenen Daten zu erhalten.<\/li><\/ul>\n\n\n\n<ul class=\"wp-block-list\"><li><strong>Widerspruchsrecht<\/strong>: Jeder Benutzer hat das Recht, der Verarbeitung seiner Daten zu widersprechen, insbesondere zu Zwecken der Kundenwerbung.<\/li><\/ul>\n\n\n\n<ul class=\"wp-block-list\"><li><strong>Recht auf Festlegung von Direktiven bez\u00fcglich des Schicksals seiner Daten im Falle des Todes.<\/strong><\/li><\/ul>\n\n\n\n<p>Jeder Benutzer kann diese Rechte aus\u00fcben, indem er eine E-Mail an den Ver\u00f6ffentlicher <a href=\"mailto:mboche@dfbd.fr\">mboche@dfbd.fr<\/a> oder <a href=\"mailto:vdobelle@dfbd.fr\">vdobelle@dfbd.fr<\/a> oder per Post zu Handen von Cabinet Boch\u00e9 Dobelle Avocats, 5 rue Henri de Bornier, 75016 Paris, schickt.<\/p>\n\n\n\n<p>Aus Sicherheitsgr\u00fcnden und um betr\u00fcgerische Anfragen zu vermeiden, muss allen Anfragen ein Identit\u00e4tsnachweis beigef\u00fcgt werden. Sobald die Anfrage bearbeitet wurde, wird dieser Nachweis vernichtet. Die gesammelten Informationen k\u00f6nnen m\u00f6glicherweise an Dritte weitergegeben werden, die mit dem Ver\u00f6ffentlicher vertraglich verbunden sind, um die f\u00fcr die Verwaltung der Website erforderlichen Aufgaben zu erf\u00fcllen, ohne dass der Benutzer seine Zustimmung erteilt. Im Falle eines nachgewiesenen Versto\u00dfes gegen gesetzliche oder beh\u00f6rdliche Bestimmungen k\u00f6nnen diese Informationen auf ausdr\u00fcckliche und begr\u00fcndete Anfrage der Justizbeh\u00f6rden weitergegeben werden. Wenn bestimmte Informationen obligatorisch sind, um auf bestimmte Funktionen der Website zuzugreifen, weist der Ver\u00f6ffentlicher zum Zeitpunkt der Dateneingabe auf diese obligatorische Natur hin.<\/p>\n\n\n\n<h2 class=\"wp-block-heading\">Artikel 6 \u2013 Verantwortlichkeiten<\/h2>\n\n\n\n<p>Jeder Benutzer ist f\u00fcr die Mitteilung seiner pers\u00f6nlichen Daten, die er auf dieser Website vornimmt, sowie f\u00fcr die Verwendung der auf der Website enthaltenen Informationen selbst verantwortlich.<\/p>\n\n\n\n<p>Alle auf der Website enthaltenen und abrufbaren Informationen dienen ausschlie\u00dflich Informationszwecken und stellen in keiner Weise ein Dienstleistungsangebot des Ver\u00f6ffentlichers dar.<\/p>\n\n\n\n<p>Der Ver\u00f6ffentlicher ist bem\u00fcht, den Benutzern verf\u00fcgbare und gepr\u00fcfte Informationen anzubieten, ohne f\u00fcr deren Richtigkeit, Vollst\u00e4ndigkeit oder Aktualit\u00e4t zu garantieren. Der Ver\u00f6ffentlicher kann nicht f\u00fcr etwaige Fehler, Auslassungen oder Nichtverf\u00fcgbarkeit von Informationen oder Dienstleistungen verantwortlich gemacht werden. Jeder Benutzer verpflichtet sich, diese Informationen unter seiner alleinigen Verantwortung zu nutzen.<\/p>\n\n\n\n<p>Der Ver\u00f6ffentlicher kann nicht verantwortlich gemacht werden im Falle eines Ausfalls, einer St\u00f6rung, einer Schwierigkeit oder einer Unterbrechung des Betriebs, die den Zugang zur Website oder zu einer ihrer Funktionalit\u00e4ten verhindert.<\/p>\n\n\n\n<p>Die vom Benutzer f\u00fcr die Verbindung mit der Website verwendete Hardware unterliegt seiner vollen Verantwortung. Der Benutzer muss alle angemessenen Ma\u00dfnahmen zum Schutz seiner Ger\u00e4te und seiner eigenen Daten, insbesondere vor Virusattacken \u00fcber das Internet, ergreifen. Dar\u00fcber hinaus ist jeder Benutzer allein f\u00fcr die von ihm konsultierten Seiten und Daten verantwortlich.<\/p>\n\n\n\n<p>Der Ver\u00f6ffentlicher kann im Falle eines Gerichtsverfahrens gegen einen Benutzer nicht haftbar gemacht werden:<\/p>\n\n\n\n<ul class=\"wp-block-list\"><li>aufgrund der Nutzung der Website oder eines \u00fcber das Internet zug\u00e4nglichen Dienstes;<\/li><li>wegen der Nichteinhaltung dieser Nutzungsbedingungen durch den Benutzer.<\/li><\/ul>\n\n\n\n<p>Der Ver\u00f6ffentlicher haftet nicht f\u00fcr Sch\u00e4den, die dem Benutzer, Dritten und\/oder den verwendeten Ger\u00e4ten durch den Anschluss oder die Nutzung der Website entstehen, und jeder Benutzer verzichtet auf jegliche daraus resultierende Klage gegen den Ver\u00f6ffentlicher.<\/p>\n\n\n\n<p>Sollte der Ver\u00f6ffentlicher aufgrund der Nutzung der Website durch einen Benutzer einem g\u00fctlichen oder gerichtlichen Verfahren unterworfen werden, kann er sich gegen diesen wenden, um Ersatz f\u00fcr alle Sch\u00e4den, Betr\u00e4ge, Strafen und Kosten zu erhalten, die sich aus diesem Verfahren ergeben k\u00f6nnen.<\/p>\n\n\n\n<p>Informationen, die \u00fcber einen Link zu anderen Seiten zug\u00e4nglich sind, stehen nicht unter der Kontrolle des Ver\u00f6ffentlichers, der jegliche Verantwortung f\u00fcr deren Inhalt ablehnt.<\/p>\n\n\n\n<p>Generell lehnt der Ver\u00f6ffentlicher jede Verantwortung im Zusammenhang mit der Verwendung oder Erstellung von Hypertext-Links zu seiner Website durch Drittunternehmen ab.<\/p>\n\n\n\n<h2 class=\"wp-block-heading\">Artikel 7 \u2013 Cookies<\/h2>\n\n\n\n<p>Ein \u201eCookie\u201c oder Tracer ist eine elektronische Datei, die auf einem Endger\u00e4t (Computer, Tablet, Smartphone usw.) hinterlegt ist und z. B. beim Aufrufen einer Website, beim Lesen einer E-Mail, bei der Installation oder Nutzung von Software oder einer mobilen Anwendung gelesen wird, unabh\u00e4ngig von der Art des verwendeten Endger\u00e4ts (Quelle: <a href=\"https:\/\/www.cnil.fr\/fr\/cookies-traceurs-que-dit-la-loi\">https:\/\/www.cnil.fr\/fr\/cookies-traceurs-que-dit-la-loi<\/a> ).<\/p>\n\n\n\n<p>Beim Surfen auf dieser Website k\u00f6nnen Cookies vom Ver\u00f6ffentlicher oder seinen Partnern auf dem Terminal des Benutzers gespeichert werden.<\/p>\n\n\n\n<p>W\u00e4hrend der ersten Navigation auf dieser Seite erscheint ein Banner, das die Verwendung von Cookies erkl\u00e4rt. Das Banner informiert den Benutzer \u00fcber den genauen Zweck der verwendeten Cookies und die M\u00f6glichkeit, diese Cookies abzulehnen, die Parameter zu \u00e4ndern und die Tatsache, dass die Fortsetzung der Navigation auf der Website die Zustimmung zur Hinterlegung von Cookies auf dem Terminal des Benutzers bedeutet.<\/p>\n\n\n\n<h2 class=\"wp-block-heading\">Artikel 8 &#8211; Anwendbares Recht<\/h2>\n\n\n\n<p>Die vorliegenden Bedingungen f\u00fcr die Nutzung der Website unterliegen dem franz\u00f6sischen Recht und der Zust\u00e4ndigkeit des Handelsgerichts von Paris.<\/p>\n\n\n\n<h2 class=\"wp-block-heading\">Artikel 9 &#8211; Kontakt<\/h2>\n\n\n\n<p>Bei Fragen zu den auf der Website dargestellten Informationen und Dokumenten oder zur Website selbst kann sich jeder Benutzer per E-Mail an den Ver\u00f6ffentlicher wenden: <a href=\"mailto:mboche@dfbd.fr\">mboche@dfbd.fr<\/a> oder <a href=\"mailto:vdobelle@dfbd.fr\">vdobelle@dfbd.fr<\/a> .<\/p>\n","protected":false},"excerpt":{"rendered":"<p>Impressum und Allgemeinen Nutzungsbedingungen Mit dem Zugriff auf diese Website (www.bdlegal.fr ; nachfolgend \u201eWebsite\u201c) und dem Durchsuchen dieser Website akzeptiert jede Person (allgemein, nachfolgend \u201eBenutzer\u201c) ohne Vorbehalt, \u00c4nderung oder Einschr\u00e4nkung die folgenden Nutzungsbedingungen. Die derzeit online verf\u00fcgbare Version dieser Nutzungsbedingungen ist die einzige, die w\u00e4hrend der gesamten Dauer der Nutzung der Website und bis zu [&hellip;]<\/p>\n","protected":false},"author":1,"featured_media":0,"parent":0,"menu_order":0,"comment_status":"closed","ping_status":"closed","template":"","meta":{"_acf_changed":false,"footnotes":""},"class_list":["post-344","page","type-page","status-publish","hentry"],"acf":[],"_links":{"self":[{"href":"https:\/\/bdlegal.fr\/de\/wp-json\/wp\/v2\/pages\/344","targetHints":{"allow":["GET"]}}],"collection":[{"href":"https:\/\/bdlegal.fr\/de\/wp-json\/wp\/v2\/pages"}],"about":[{"href":"https:\/\/bdlegal.fr\/de\/wp-json\/wp\/v2\/types\/page"}],"author":[{"embeddable":true,"href":"https:\/\/bdlegal.fr\/de\/wp-json\/wp\/v2\/users\/1"}],"replies":[{"embeddable":true,"href":"https:\/\/bdlegal.fr\/de\/wp-json\/wp\/v2\/comments?post=344"}],"version-history":[{"count":3,"href":"https:\/\/bdlegal.fr\/de\/wp-json\/wp\/v2\/pages\/344\/revisions"}],"predecessor-version":[{"id":656,"href":"https:\/\/bdlegal.fr\/de\/wp-json\/wp\/v2\/pages\/344\/revisions\/656"}],"wp:attachment":[{"href":"https:\/\/bdlegal.fr\/de\/wp-json\/wp\/v2\/media?parent=344"}],"curies":[{"name":"wp","href":"https:\/\/api.w.org\/{rel}","templated":true}]}}