{"id":1140,"date":"2022-09-16T14:39:48","date_gmt":"2022-09-16T12:39:48","guid":{"rendered":"https:\/\/bdlegal.fr\/contact\/"},"modified":"2026-04-16T09:34:21","modified_gmt":"2026-04-16T07:34:21","slug":"contact","status":"publish","type":"page","link":"https:\/\/bdlegal.fr\/en\/contact\/","title":{"rendered":"Contact"},"content":{"rendered":"\t\t<div data-elementor-type=\"wp-page\" data-elementor-id=\"1140\" class=\"elementor elementor-1140 elementor-1128\">\n\t\t\t\t\t\t<section class=\"elementor-section elementor-top-section elementor-element elementor-element-c18df44 elementor-section-boxed elementor-section-height-default elementor-section-height-default\" data-id=\"c18df44\" data-element_type=\"section\" data-e-type=\"section\">\n\t\t\t\t\t\t<div class=\"elementor-container elementor-column-gap-default\">\n\t\t\t\t\t<div class=\"elementor-column elementor-col-100 elementor-top-column elementor-element elementor-element-0031031\" data-id=\"0031031\" data-element_type=\"column\" data-e-type=\"column\">\n\t\t\t<div class=\"elementor-widget-wrap elementor-element-populated\">\n\t\t\t\t\t\t<div class=\"elementor-element elementor-element-64ad8d8 elementor-widget elementor-widget-image\" data-id=\"64ad8d8\" data-element_type=\"widget\" data-e-type=\"widget\" data-widget_type=\"image.default\">\n\t\t\t\t<div class=\"elementor-widget-container\">\n\t\t\t\t\t\t\t\t\t\t\t\t\t\t\t<img fetchpriority=\"high\" decoding=\"async\" width=\"500\" height=\"151\" src=\"https:\/\/bdlegal.fr\/wp-content\/uploads\/2021\/03\/BD-logo-2-lignes.png\" class=\"attachment-large size-large wp-image-578\" alt=\"\" srcset=\"https:\/\/bdlegal.fr\/wp-content\/uploads\/2021\/03\/BD-logo-2-lignes.png 500w, https:\/\/bdlegal.fr\/wp-content\/uploads\/2021\/03\/BD-logo-2-lignes-300x91.png 300w\" sizes=\"(max-width: 500px) 100vw, 500px\" \/>\t\t\t\t\t\t\t\t\t\t\t\t\t\t\t<\/div>\n\t\t\t\t<\/div>\n\t\t\t\t<div class=\"elementor-element elementor-element-6e4e1c4 elementor-widget elementor-widget-spacer\" data-id=\"6e4e1c4\" data-element_type=\"widget\" data-e-type=\"widget\" data-widget_type=\"spacer.default\">\n\t\t\t\t<div class=\"elementor-widget-container\">\n\t\t\t\t\t\t\t<div class=\"elementor-spacer\">\n\t\t\t<div class=\"elementor-spacer-inner\"><\/div>\n\t\t<\/div>\n\t\t\t\t\t\t<\/div>\n\t\t\t\t<\/div>\n\t\t\t\t\t<\/div>\n\t\t<\/div>\n\t\t\t\t\t<\/div>\n\t\t<\/section>\n\t\t\t\t<section class=\"elementor-section elementor-top-section elementor-element elementor-element-b3ad1ad elementor-section-boxed elementor-section-height-default elementor-section-height-default\" data-id=\"b3ad1ad\" data-element_type=\"section\" data-e-type=\"section\">\n\t\t\t\t\t\t<div class=\"elementor-container elementor-column-gap-default\">\n\t\t\t\t\t<div class=\"elementor-column elementor-col-50 elementor-top-column elementor-element elementor-element-6287df4\" data-id=\"6287df4\" data-element_type=\"column\" data-e-type=\"column\">\n\t\t\t<div class=\"elementor-widget-wrap elementor-element-populated\">\n\t\t\t\t\t\t<div class=\"elementor-element elementor-element-1417929 elementor-widget elementor-widget-image\" data-id=\"1417929\" data-element_type=\"widget\" data-e-type=\"widget\" data-widget_type=\"image.default\">\n\t\t\t\t<div class=\"elementor-widget-container\">\n\t\t\t\t\t\t\t\t\t\t\t\t\t\t\t<img decoding=\"async\" width=\"300\" height=\"300\" src=\"https:\/\/bdlegal.fr\/wp-content\/uploads\/2022\/09\/mylene-300x300.jpg\" class=\"attachment-medium size-medium wp-image-1005\" alt=\"\" srcset=\"https:\/\/bdlegal.fr\/wp-content\/uploads\/2022\/09\/mylene-300x300.jpg 300w, https:\/\/bdlegal.fr\/wp-content\/uploads\/2022\/09\/mylene-150x150.jpg 150w, https:\/\/bdlegal.fr\/wp-content\/uploads\/2022\/09\/mylene.jpg 600w\" sizes=\"(max-width: 300px) 100vw, 300px\" \/>\t\t\t\t\t\t\t\t\t\t\t\t\t\t\t<\/div>\n\t\t\t\t<\/div>\n\t\t\t\t<div class=\"elementor-element elementor-element-e5cba94 elementor-widget elementor-widget-text-editor\" data-id=\"e5cba94\" data-element_type=\"widget\" data-e-type=\"widget\" data-widget_type=\"text-editor.default\">\n\t\t\t\t<div class=\"elementor-widget-container\">\n\t\t\t\t\t\t\t\t\t<p><span style=\"color: #000000;\"><strong>Myl\u00e8ne<\/strong> <strong>Boch\u00e9-Robinet<\/strong><\/span><br \/><span style=\"color: #000000;\"><a style=\"color: #000000;\" href=\"tel:+33668604805\">+33 (0)6 68 60 48 05<\/a><\/span><\/p><p><span style=\"color: #ff9900;\"><a style=\"color: #ff9900;\" href=\"mailto:mboche@bdlegal.fr\">mboche@bdlegal.fr<\/a><\/span><\/p>\t\t\t\t\t\t\t\t<\/div>\n\t\t\t\t<\/div>\n\t\t\t\t\t<\/div>\n\t\t<\/div>\n\t\t\t\t<div class=\"elementor-column elementor-col-50 elementor-top-column elementor-element elementor-element-b4be8b0\" data-id=\"b4be8b0\" data-element_type=\"column\" data-e-type=\"column\">\n\t\t\t<div class=\"elementor-widget-wrap elementor-element-populated\">\n\t\t\t\t\t\t<div class=\"elementor-element elementor-element-91f117f elementor-widget elementor-widget-image\" data-id=\"91f117f\" data-element_type=\"widget\" data-e-type=\"widget\" data-widget_type=\"image.default\">\n\t\t\t\t<div class=\"elementor-widget-container\">\n\t\t\t\t\t\t\t\t\t\t\t\t\t\t\t<img decoding=\"async\" width=\"300\" height=\"300\" src=\"https:\/\/bdlegal.fr\/wp-content\/uploads\/2022\/09\/veronique-300x300.jpg\" class=\"attachment-medium size-medium wp-image-1008\" alt=\"\" srcset=\"https:\/\/bdlegal.fr\/wp-content\/uploads\/2022\/09\/veronique-300x300.jpg 300w, https:\/\/bdlegal.fr\/wp-content\/uploads\/2022\/09\/veronique-150x150.jpg 150w, https:\/\/bdlegal.fr\/wp-content\/uploads\/2022\/09\/veronique.jpg 600w\" sizes=\"(max-width: 300px) 100vw, 300px\" \/>\t\t\t\t\t\t\t\t\t\t\t\t\t\t\t<\/div>\n\t\t\t\t<\/div>\n\t\t\t\t<div class=\"elementor-element elementor-element-36c67f6 elementor-widget elementor-widget-text-editor\" data-id=\"36c67f6\" data-element_type=\"widget\" data-e-type=\"widget\" data-widget_type=\"text-editor.default\">\n\t\t\t\t<div class=\"elementor-widget-container\">\n\t\t\t\t\t\t\t\t\t<p><strong><span style=\"color: #000000;\">V\u00e9ronique Dobelle<\/span><br \/><\/strong><span style=\"color: #000000;\"><a style=\"color: #000000;\" href=\"tel:+33633108435\">+33 (0)6 33 10 84 35<\/a><\/span><br \/><span style=\"color: #000000;\"><a style=\"color: #000000;\" href=\"tel:+33181707505\">+33 (0)1 81 70 75 05<\/a><\/span><br \/><span style=\"color: #ff9900;\"><a style=\"color: #ff9900;\" href=\"mailto:vdobelle@bdlegal.fr\">vdobelle@bdlegal.fr<\/a><\/span><\/p>\t\t\t\t\t\t\t\t<\/div>\n\t\t\t\t<\/div>\n\t\t\t\t\t<\/div>\n\t\t<\/div>\n\t\t\t\t\t<\/div>\n\t\t<\/section>\n\t\t\t\t<section class=\"elementor-section elementor-top-section elementor-element elementor-element-8e61897 elementor-section-boxed elementor-section-height-default elementor-section-height-default\" data-id=\"8e61897\" data-element_type=\"section\" data-e-type=\"section\">\n\t\t\t\t\t\t<div class=\"elementor-container elementor-column-gap-default\">\n\t\t\t\t\t<div class=\"elementor-column elementor-col-100 elementor-top-column elementor-element elementor-element-7f41192\" data-id=\"7f41192\" data-element_type=\"column\" data-e-type=\"column\">\n\t\t\t<div class=\"elementor-widget-wrap elementor-element-populated\">\n\t\t\t\t\t\t<div class=\"elementor-element elementor-element-7183459 elementor-widget elementor-widget-text-editor\" data-id=\"7183459\" data-element_type=\"widget\" data-e-type=\"widget\" data-widget_type=\"text-editor.default\">\n\t\t\t\t<div class=\"elementor-widget-container\">\n\t\t\t\t\t\t\t\t\t<section data-id=\"177d3d8\" data-element_type=\"section\">\n<div>\n<div data-id=\"13bb43bd\" data-element_type=\"column\">\n<div>\n<div data-id=\"57cf3a1c\" data-element_type=\"widget\" data-widget_type=\"text-editor.default\">\n<div>\n<p>Boch\u00e9 Dobelle<\/p><p>5, rue Henri de Bornier | 75116 Paris<br>2 Rue du G\u00e9n\u00e9ral Delanne&nbsp; | 92200 Neuilly-sur-Seine<\/p>\n<\/div>\n<\/div>\n<\/div>\n<\/div>\n<\/div>\n<\/section>\t\t\t\t\t\t\t\t<\/div>\n\t\t\t\t<\/div>\n\t\t\t\t\t<\/div>\n\t\t<\/div>\n\t\t\t\t\t<\/div>\n\t\t<\/section>\n\t\t\t\t<section class=\"elementor-section elementor-top-section elementor-element elementor-element-2e3d0c5 elementor-section-boxed elementor-section-height-default elementor-section-height-default\" data-id=\"2e3d0c5\" data-element_type=\"section\" data-e-type=\"section\">\n\t\t\t\t\t\t<div class=\"elementor-container elementor-column-gap-default\">\n\t\t\t\t\t<div class=\"elementor-column elementor-col-100 elementor-top-column elementor-element elementor-element-a512ad4\" data-id=\"a512ad4\" data-element_type=\"column\" data-e-type=\"column\">\n\t\t\t<div class=\"elementor-widget-wrap elementor-element-populated\">\n\t\t\t\t\t\t<div class=\"elementor-element elementor-element-ec3b5e5 elementor-widget elementor-widget-wpforms\" data-id=\"ec3b5e5\" data-element_type=\"widget\" data-e-type=\"widget\" data-widget_type=\"wpforms.default\">\n\t\t\t\t<div class=\"elementor-widget-container\">\n\t\t\t\t\t<div class=\"wpforms-container wpforms-container-full\" id=\"wpforms-1130\"><form id=\"wpforms-form-1130\" class=\"wpforms-validate wpforms-form\" data-formid=\"1130\" method=\"post\" enctype=\"multipart\/form-data\" action=\"\/en\/wp-json\/wp\/v2\/pages\/1140\" data-token=\"44362ec5c4b5f787baf110bbea24dfff\" data-token-time=\"1777797000\"><noscript class=\"wpforms-error-noscript\">Please enable JavaScript in your browser to complete this form.<\/noscript><div class=\"wpforms-field-container\"><div id=\"wpforms-1130-field_0-container\" class=\"wpforms-field wpforms-field-name\" data-field-id=\"0\"><label class=\"wpforms-field-label\" for=\"wpforms-1130-field_0\">Votre nom <span class=\"wpforms-required-label\">*<\/span><\/label><input type=\"text\" id=\"wpforms-1130-field_0\" class=\"wpforms-field-large wpforms-field-required\" name=\"wpforms[fields][0]\" required><\/div><div id=\"wpforms-1130-field_3-container\" class=\"wpforms-field wpforms-field-text\" data-field-id=\"3\"><label class=\"wpforms-field-label\" for=\"wpforms-1130-field_3\">Soci\u00e9t\u00e9 <span class=\"wpforms-required-label\">*<\/span><\/label><input type=\"text\" id=\"wpforms-1130-field_3\" class=\"wpforms-field-large wpforms-field-required\" name=\"wpforms[fields][3]\" required><\/div><div id=\"wpforms-1130-field_1-container\" class=\"wpforms-field wpforms-field-email\" data-field-id=\"1\"><label class=\"wpforms-field-label\" for=\"wpforms-1130-field_1\">E-mail <span class=\"wpforms-required-label\">*<\/span><\/label><input type=\"email\" id=\"wpforms-1130-field_1\" class=\"wpforms-field-large wpforms-field-required\" name=\"wpforms[fields][1]\" spellcheck=\"false\" required><\/div><div id=\"wpforms-1130-field_4-container\" class=\"wpforms-field wpforms-field-text\" data-field-id=\"4\"><label class=\"wpforms-field-label\" for=\"wpforms-1130-field_4\">Sujet <span class=\"wpforms-required-label\">*<\/span><\/label><input type=\"text\" id=\"wpforms-1130-field_4\" class=\"wpforms-field-large wpforms-field-required\" name=\"wpforms[fields][4]\" required><\/div><div id=\"wpforms-1130-field_2-container\" class=\"wpforms-field wpforms-field-textarea\" data-field-id=\"2\"><label class=\"wpforms-field-label\" for=\"wpforms-1130-field_2\">Votre message <span class=\"wpforms-required-label\">*<\/span><\/label><textarea id=\"wpforms-1130-field_2\" class=\"wpforms-field-medium wpforms-field-required\" name=\"wpforms[fields][2]\" required><\/textarea><\/div><\/div><!-- .wpforms-field-container --><div class=\"wpforms-submit-container\" ><input type=\"hidden\" name=\"wpforms[id]\" value=\"1130\"><input type=\"hidden\" name=\"page_title\" value=\"\"><input type=\"hidden\" name=\"page_url\" value=\"https:\/\/bdlegal.fr\/en\/wp-json\/wp\/v2\/pages\/1140\"><input type=\"hidden\" name=\"url_referer\" value=\"\"><button type=\"submit\" name=\"wpforms[submit]\" id=\"wpforms-submit-1130\" class=\"wpforms-submit btn btn-primary btn-submit\" data-alt-text=\"Envoi...\" data-submit-text=\"Envoyer\" aria-live=\"assertive\" value=\"wpforms-submit\">Envoyer<\/button><\/div><\/form><\/div>  <!-- .wpforms-container -->\t\t\t\t<\/div>\n\t\t\t\t<\/div>\n\t\t\t\t\t<\/div>\n\t\t<\/div>\n\t\t\t\t\t<\/div>\n\t\t<\/section>\n\t\t\t\t<\/div>\n\t\t","protected":false},"excerpt":{"rendered":"<p>Myl\u00e8ne Boch\u00e9-Robinet+33 (0)6 68 60 48 05 mboche@bdlegal.fr V\u00e9ronique Dobelle+33 (0)6 33 10 84 35+33 (0)1 81 70 75 05vdobelle@bdlegal.fr Boch\u00e9 Dobelle 5, rue Henri de Bornier | 75116 Paris2 Rue du G\u00e9n\u00e9ral Delanne&nbsp; | 92200 Neuilly-sur-Seine Veuillez activer JavaScript dans votre navigateur pour remplir ce formulaire.Votre nom *Soci\u00e9t\u00e9 *E-mail *Sujet *Votre message * Envoyer<\/p>\n","protected":false},"author":4,"featured_media":0,"parent":0,"menu_order":0,"comment_status":"closed","ping_status":"closed","template":"","meta":{"_acf_changed":false,"footnotes":""},"class_list":["post-1140","page","type-page","status-publish","hentry"],"acf":[],"_links":{"self":[{"href":"https:\/\/bdlegal.fr\/en\/wp-json\/wp\/v2\/pages\/1140","targetHints":{"allow":["GET"]}}],"collection":[{"href":"https:\/\/bdlegal.fr\/en\/wp-json\/wp\/v2\/pages"}],"about":[{"href":"https:\/\/bdlegal.fr\/en\/wp-json\/wp\/v2\/types\/page"}],"author":[{"embeddable":true,"href":"https:\/\/bdlegal.fr\/en\/wp-json\/wp\/v2\/users\/4"}],"replies":[{"embeddable":true,"href":"https:\/\/bdlegal.fr\/en\/wp-json\/wp\/v2\/comments?post=1140"}],"version-history":[{"count":11,"href":"https:\/\/bdlegal.fr\/en\/wp-json\/wp\/v2\/pages\/1140\/revisions"}],"predecessor-version":[{"id":1711,"href":"https:\/\/bdlegal.fr\/en\/wp-json\/wp\/v2\/pages\/1140\/revisions\/1711"}],"wp:attachment":[{"href":"https:\/\/bdlegal.fr\/en\/wp-json\/wp\/v2\/media?parent=1140"}],"curies":[{"name":"wp","href":"https:\/\/api.w.org\/{rel}","templated":true}]}}