{"id":254,"date":"2021-02-25T15:07:28","date_gmt":"2021-02-25T14:07:28","guid":{"rendered":"https:\/\/bdlegal.fr\/?page_id=254"},"modified":"2026-02-03T17:45:51","modified_gmt":"2026-02-03T16:45:51","slug":"home","status":"publish","type":"page","link":"https:\/\/bdlegal.fr\/en\/","title":{"rendered":"Home"},"content":{"rendered":"<h3>Une expertise de pointe en restructuring<\/h3>\n<p>Les \u00e9quipes du cabinet Boch\u00e9 Dobelle offrent une expertise de pointe en mati\u00e8re de droit des entreprises en difficult\u00e9, contentieux et gestion des situations complexes.<\/p>\n<h3>Une expertise r\u00e9compens\u00e9e<\/h3>\n<p>Cr\u00e9\u00e9 en janvier 2019, le cabinet est class\u00e9 \u00ab Incontournable \u00bb par Leaders League dans la cat\u00e9gorie \u00ab Restructuring et Entreprises en Difficult\u00e9 \u2013 Conseil des Entreprises Mid Cap et de leurs actionnaires \u00bb, tous les ans depuis 2020. Il a re\u00e7u le Troph\u00e9e d&#8217;Argent 2019 pour sa pratique Restructuring.<\/p>\n<h3>R\u00e9activit\u00e9 et flexibilit\u00e9<\/h3>\n<p>Vous y trouverez un esprit, celui de la r\u00e9activit\u00e9, de l&#8217;ind\u00e9pendance, de la flexibilit\u00e9 et une disponibilit\u00e9 sans faille de ses associ\u00e9es. Elles sont avec leurs \u00e9quipes enti\u00e8rement mobilis\u00e9es pour r\u00e9pondre \u00e0 tous les besoins de leurs clients en cas de crise.\u00a0<br \/>Le cabinet offre des tarifs adapt\u00e9s et des solutions\u00a0sur mesure aux probl\u00e9matiques rencontr\u00e9es, proportionn\u00e9s \u00e0 la taille et aux capacit\u00e9s de l\u2019entreprise.<\/p>\n\n<p><\/p>\n","protected":false},"excerpt":{"rendered":"<p>Une expertise de pointe en restructuring Les \u00e9quipes du cabinet Boch\u00e9 Dobelle offrent une expertise de pointe en mati\u00e8re de droit des entreprises en difficult\u00e9, contentieux et gestion des situations complexes. Une expertise r\u00e9compens\u00e9e Cr\u00e9\u00e9 en janvier 2019, le cabinet est class\u00e9 \u00ab Incontournable \u00bb par Leaders League dans la cat\u00e9gorie \u00ab Restructuring et Entreprises [&hellip;]<\/p>\n","protected":false},"author":1,"featured_media":642,"parent":0,"menu_order":0,"comment_status":"closed","ping_status":"open","template":"","meta":{"_acf_changed":false,"footnotes":""},"class_list":["post-254","page","type-page","status-publish","has-post-thumbnail","hentry"],"acf":[],"_links":{"self":[{"href":"https:\/\/bdlegal.fr\/en\/wp-json\/wp\/v2\/pages\/254","targetHints":{"allow":["GET"]}}],"collection":[{"href":"https:\/\/bdlegal.fr\/en\/wp-json\/wp\/v2\/pages"}],"about":[{"href":"https:\/\/bdlegal.fr\/en\/wp-json\/wp\/v2\/types\/page"}],"author":[{"embeddable":true,"href":"https:\/\/bdlegal.fr\/en\/wp-json\/wp\/v2\/users\/1"}],"replies":[{"embeddable":true,"href":"https:\/\/bdlegal.fr\/en\/wp-json\/wp\/v2\/comments?post=254"}],"version-history":[{"count":15,"href":"https:\/\/bdlegal.fr\/en\/wp-json\/wp\/v2\/pages\/254\/revisions"}],"predecessor-version":[{"id":1691,"href":"https:\/\/bdlegal.fr\/en\/wp-json\/wp\/v2\/pages\/254\/revisions\/1691"}],"wp:featuredmedia":[{"embeddable":true,"href":"https:\/\/bdlegal.fr\/en\/wp-json\/wp\/v2\/media\/642"}],"wp:attachment":[{"href":"https:\/\/bdlegal.fr\/en\/wp-json\/wp\/v2\/media?parent=254"}],"curies":[{"name":"wp","href":"https:\/\/api.w.org\/{rel}","templated":true}]}}